{"id":40,"date":"2025-08-30T18:21:52","date_gmt":"2025-08-30T16:21:52","guid":{"rendered":"https:\/\/www.1coachcarriere.com\/?page_id=40"},"modified":"2025-09-13T09:05:47","modified_gmt":"2025-09-13T07:05:47","slug":"sorienter-et-se-reorienter-choix-detudes-formations-et-reconversion-professionnelle","status":"publish","type":"page","link":"https:\/\/www.1coachcarriere.com\/index.php\/sorienter-et-se-reorienter-choix-detudes-formations-et-reconversion-professionnelle\/","title":{"rendered":"S&rsquo;orienter et Se R\u00e9orienter : Choix d&rsquo;\u00c9tudes, Formations et Reconversion Professionnelle"},"content":{"rendered":"<p>Dans un monde en perp\u00e9tuelle \u00e9volution, il est essentiel de bien s&rsquo;orienter, aussi bien en mati\u00e8re d&rsquo;\u00e9tudes que de carri\u00e8re professionnelle. Il arrive parfois que le choix que nous avons effectu\u00e9 ne nous convienne plus pour diverses raisons, il est alors temps de se r\u00e9orienter. Cet article se propose de vous guider dans ces d\u00e9cisions importantes, de vous aider \u00e0 choisir vos \u00e9tudes ou votre formation, de vous accompagner en cas de reconversion professionnelle, de vous orienter vers les secteurs porteurs, et de vous conseiller sur les outils num\u00e9riques pour optimiser votre carri\u00e8re.<\/p>\n<h2>Comprendre l&rsquo;Importance de l&rsquo;Orientation et la R\u00e9orientation<\/h2>\n<p>L&rsquo;orientation professionnelle est un moment crucial dans la vie de chacun. Elle d\u00e9termine en grande partie notre futur professionnel, nos revenus, notre \u00e9panouissement au travail et nos perspectives de carri\u00e8re. Il est donc important de ne pas la n\u00e9gliger et de s&rsquo;y pr\u00e9parer correctement. La r\u00e9orientation, quant \u00e0 elle, est tout aussi importante. Elle peut \u00eatre v\u00e9cue comme un \u00e9chec, mais elle est au contraire un signe de prise de conscience et d&rsquo;adaptation. Elle est souvent le r\u00e9sultat d&rsquo;un d\u00e9sir de changement, d&rsquo;une volont\u00e9 de se r\u00e9aliser pleinement dans son travail.<\/p>\n<p>Cette r\u00e9orientation peut intervenir \u00e0 n&rsquo;importe quel moment de la vie professionnelle : apr\u00e8s une premi\u00e8re exp\u00e9rience peu concluante, apr\u00e8s plusieurs ann\u00e9es dans le m\u00eame secteur d&rsquo;activit\u00e9 ou m\u00eame en fin de carri\u00e8re. Il est d&rsquo;ailleurs de plus en plus courant de changer plusieurs fois de m\u00e9tier au cours de sa vie professionnelle. Ce processus peut \u00eatre intimidant, mais il est crucial pour rester comp\u00e9titif dans le monde du travail actuel.<\/p>\n<p>Plusieurs facteurs peuvent vous pousser \u00e0 vous r\u00e9orienter : un sentiment d&rsquo;insatisfaction, un d\u00e9sir de changement, une volont\u00e9 d&rsquo;\u00e9voluer professionnellement, une recherche d&rsquo;\u00e9panouissement personnel, ou encore un besoin de suivre l&rsquo;\u00e9volution du march\u00e9 du travail. Il est important d&rsquo;\u00e9couter ces signaux et de prendre le temps de r\u00e9fl\u00e9chir \u00e0 vos envies et \u00e0 vos aspirations avant de prendre une d\u00e9cision.<\/p>\n<h2>Guide Pratique pour Choisir ses \u00c9tudes ou sa Formation<\/h2>\n<p>Choisir ses \u00e9tudes ou sa formation n&rsquo;est pas une t\u00e2che facile. Il est important de se poser les bonnes questions : quels sont mes centres d&rsquo;int\u00e9r\u00eat ? Quels sont mes points forts et mes points faibles ? Quel type de m\u00e9tier me correspond ? Quel est le niveau de formation n\u00e9cessaire pour exercer ce m\u00e9tier ?<\/p>\n<p>Il est aussi essentiel de se renseigner sur les d\u00e9bouch\u00e9s professionnels de la formation envisag\u00e9e. Il vaut mieux \u00e9viter les formations qui m\u00e8nent \u00e0 des m\u00e9tiers bouch\u00e9s. Il est aussi recommand\u00e9 de prendre en compte la qualit\u00e9 de la formation, le taux d&rsquo;insertion professionnelle des dipl\u00f4m\u00e9s, l&#8217;emplacement de l&rsquo;\u00e9tablissement, etc.<\/p>\n<p>En outre, il peut \u00eatre utile de rencontrer des professionnels du secteur qui vous int\u00e9resse pour avoir un aper\u00e7u concret du m\u00e9tier. Il est \u00e9galement conseill\u00e9 de faire des stages ou des jobs d&rsquo;\u00e9t\u00e9 en lien avec le secteur vis\u00e9 pour confirmer ou infirmer votre choix.<\/p>\n<h2>Accompagnement pour Adultes en Reconversion Professionnelle<\/h2>\n<p>La reconversion professionnelle peut \u00eatre un processus complexe et stressant. Heureusement, il existe de nombreux dispositifs d&rsquo;accompagnement pour les adultes qui souhaitent changer de m\u00e9tier. Ces dispositifs vont de l&rsquo;aide \u00e0 la d\u00e9finition du projet professionnel \u00e0 l&rsquo;accompagnement dans la recherche d&#8217;emploi, en passant par la formation et le financement.<\/p>\n<p>Il est important de bien d\u00e9finir son projet de reconversion pour \u00e9viter les erreurs de parcours. Vous pouvez faire appel \u00e0 un coach de carri\u00e8re pour vous aider \u00e0 clarifier vos objectifs et \u00e0 identifier les comp\u00e9tences \u00e0 acqu\u00e9rir ou \u00e0 valoriser. Il est aussi possible de r\u00e9aliser un bilan de comp\u00e9tences pour faire le point sur vos comp\u00e9tences transf\u00e9rables et identifier les lacunes \u00e0 combler.<\/p>\n<p>La formation est un \u00e9l\u00e9ment cl\u00e9 de la reconversion professionnelle. Il existe de nombreuses formations pour adultes, qu&rsquo;elles soient courtes ou longues, sp\u00e9cifiques \u00e0 un m\u00e9tier ou g\u00e9n\u00e9ralistes. Il est important de se renseigner sur les modalit\u00e9s de financement de ces formations, que ce soit par le biais du compte personnel de formation (CPF), du plan de d\u00e9veloppement des comp\u00e9tences de l&rsquo;entreprise, ou d&rsquo;autres dispositifs.<\/p>\n<h2>Analyse des Passerelles entre les Diff\u00e9rents M\u00e9tiers<\/h2>\n<p>L&rsquo;analyse des passerelles entre les diff\u00e9rents m\u00e9tiers est une \u00e9tape importante dans le processus de r\u00e9orientation professionnelle. Elle permet d&rsquo;identifier les comp\u00e9tences transf\u00e9rables d&rsquo;un m\u00e9tier \u00e0 un autre et de rep\u00e9rer les opportunit\u00e9s de reconversion.<\/p>\n<p>Il est possible de se r\u00e9orienter vers un m\u00e9tier proche de celui que l&rsquo;on exerce, en exploitant des comp\u00e9tences d\u00e9j\u00e0 acquises. Par exemple, un commercial peut se reconvertir en charg\u00e9 de client\u00e8le, un enseignant en formateur, un journaliste en charg\u00e9 de communication, etc.<\/p>\n<p>Il est \u00e9galement possible de se r\u00e9orienter vers un m\u00e9tier totalement diff\u00e9rent. Dans ce cas, il est souvent n\u00e9cessaire de suivre une formation compl\u00e9mentaire pour acqu\u00e9rir les comp\u00e9tences requises. L&rsquo;analyse des passerelles permet de choisir la formation la plus adapt\u00e9e.<\/p>\n<h2>Focus sur les Secteurs Porteurs pour une R\u00e9orientation R\u00e9ussie<\/h2>\n<p>Choisir de se r\u00e9orienter vers un secteur porteur est une strat\u00e9gie payante. Cela augmente vos chances de trouver rapidement un emploi et de b\u00e9n\u00e9ficier de perspectives d&rsquo;\u00e9volution int\u00e9ressantes. Parmi les secteurs porteurs, on peut citer l&rsquo;informatique, la sant\u00e9, l&rsquo;\u00e9nergie, l&rsquo;environnement, la finance, le commerce en ligne, etc.<\/p>\n<p>Il est important de noter que les secteurs porteurs ne sont pas les m\u00eames selon les r\u00e9gions. Il est donc recommand\u00e9 de se renseigner sur le march\u00e9 de l&#8217;emploi local avant de choisir sa r\u00e9orientation. <\/p>\n<p>Il est \u00e9galement important de prendre en compte vos centres d&rsquo;int\u00e9r\u00eat et vos comp\u00e9tences. En effet, un secteur porteur ne garantit pas n\u00e9cessairement l&rsquo;\u00e9panouissement professionnel si le m\u00e9tier exerc\u00e9 ne vous convient pas.<\/p>\n<h2>Optimiser sa Carri\u00e8re avec le SEO Google et les Agents AI ChatGPT et Perplexity<\/h2>\n<p>A l&rsquo;\u00e8re du num\u00e9rique, utiliser les outils digitaux peut vous aider \u00e0 optimiser votre carri\u00e8re. L&rsquo;optimisation pour les moteurs de recherche (SEO) est une technique qui consiste \u00e0 am\u00e9liorer la visibilit\u00e9 de votre profil professionnel en ligne, que ce soit sur LinkedIn, un site de recherche d&#8217;emploi ou votre propre site web.<\/p>\n<p>Les agents AI ChatGPT et Perplexity sont des outils d&rsquo;intelligence artificielle qui peuvent vous aider \u00e0 am\u00e9liorer votre communication professionnelle. Ils peuvent analyser vos messages et vous proposer des am\u00e9liorations pour rendre votre communication plus efficace et plus persuasive.<\/p>\n<p>En outre, ces outils peuvent vous aider \u00e0 pr\u00e9parer un entretien d&#8217;embauche, \u00e0 r\u00e9diger un CV ou une lettre de motivation, ou \u00e0 am\u00e9liorer vos comp\u00e9tences en communication.<\/p>\n<p>En conclusion, l&rsquo;orientation et la r\u00e9orientation sont des \u00e9tapes cruciales dans la vie professionnelle. Elles n\u00e9cessitent une introspection, une bonne connaissance du march\u00e9 du travail et une solide pr\u00e9paration. Heureusement, il existe de nombreux outils et dispositifs pour vous accompagner dans ces d\u00e9marches. Que ce soit pour choisir vos \u00e9tudes ou votre formation, pour vous reconvertir ou pour optimiser votre carri\u00e8re, n&rsquo;oubliez pas que le plus important est d&rsquo;\u00e9couter vos envies et de trouver un m\u00e9tier qui vous permet de vous \u00e9panouir.<\/p>\n\n\n<p>Vous souhaitez entre en relation avec un coach professionnel certifi\u00e9, exp\u00e9riment\u00e9 et bienveillant? Contactez, <strong>Sabine Moyne<\/strong> via son <a href=\"https:\/\/www.sabinemoyne.com\/index.php\/contact\/\" target=\"_blank\" rel=\"noreferrer noopener\">site web<\/a> ou son <a href=\"https:\/\/www.linkedin.com\/in\/sabine-moyne\/?originalSubdomain=fr\" target=\"_blank\" rel=\"noreferrer noopener\">LinkedIn<\/a>.<\/p>\n","protected":false},"excerpt":{"rendered":"<p>D\u00e9couvrez comment choisir votre parcours d&rsquo;\u00e9tudes, envisager une reconversion et naviguer dans l&rsquo;univers professionnel.<\/p>\n","protected":false},"author":1,"featured_media":0,"parent":0,"menu_order":0,"comment_status":"closed","ping_status":"closed","template":"","meta":{"footnotes":""},"class_list":["post-40","page","type-page","status-publish","hentry"],"_links":{"self":[{"href":"https:\/\/www.1coachcarriere.com\/index.php\/wp-json\/wp\/v2\/pages\/40","targetHints":{"allow":["GET"]}}],"collection":[{"href":"https:\/\/www.1coachcarriere.com\/index.php\/wp-json\/wp\/v2\/pages"}],"about":[{"href":"https:\/\/www.1coachcarriere.com\/index.php\/wp-json\/wp\/v2\/types\/page"}],"author":[{"embeddable":true,"href":"https:\/\/www.1coachcarriere.com\/index.php\/wp-json\/wp\/v2\/users\/1"}],"replies":[{"embeddable":true,"href":"https:\/\/www.1coachcarriere.com\/index.php\/wp-json\/wp\/v2\/comments?post=40"}],"version-history":[{"count":3,"href":"https:\/\/www.1coachcarriere.com\/index.php\/wp-json\/wp\/v2\/pages\/40\/revisions"}],"predecessor-version":[{"id":136,"href":"https:\/\/www.1coachcarriere.com\/index.php\/wp-json\/wp\/v2\/pages\/40\/revisions\/136"}],"wp:attachment":[{"href":"https:\/\/www.1coachcarriere.com\/index.php\/wp-json\/wp\/v2\/media?parent=40"}],"curies":[{"name":"wp","href":"https:\/\/api.w.org\/{rel}","templated":true}]}}