{"id":33,"date":"2023-07-17T13:07:00","date_gmt":"2023-07-17T11:07:00","guid":{"rendered":"https:\/\/www.1coachcarriere.com\/?p=33"},"modified":"2025-09-13T09:05:05","modified_gmt":"2025-09-13T07:05:05","slug":"decouvrir-les-prestations-dun-coach-en-gestion-de-carriere-pour-particuliers","status":"publish","type":"page","link":"https:\/\/www.1coachcarriere.com\/","title":{"rendered":"D\u00e9couvrir les prestations d&rsquo;un coach en gestion de carri\u00e8re pour particuliers"},"content":{"rendered":"<p>La gestion de carri\u00e8re est un parcours de vie qui peut \u00eatre parfois complexe et difficile \u00e0 naviguer seul. Pour cette raison, faire appel \u00e0 un coach en gestion de carri\u00e8re peut \u00eatre d&rsquo;une aide pr\u00e9cieuse. Ce professionnel agit comme un guide, vous aidant \u00e0 identifier vos comp\u00e9tences, \u00e0 d\u00e9finir vos objectifs, et \u00e0 naviguer \u00e0 travers les diff\u00e9rentes \u00e9tapes de votre carri\u00e8re. Que vous soyez en qu\u00eate de r\u00e9orientation professionnelle, en recherche d&#8217;emploi, souhaitant d\u00e9velopper vos comp\u00e9tences personnelles, visant une progression de carri\u00e8re, g\u00e9rant des transitions professionnelles sp\u00e9cifiques, envisageant de devenir entrepreneur ou \u00e0 la recherche de programmes sp\u00e9cifiques, un coach en gestion de carri\u00e8re peut vous aider. Examinons de plus pr\u00e8s les services qu&rsquo;un coach en gestion de carri\u00e8re peut offrir aux particuliers.<\/p>\n<h2>1. Bilan et clarification du projet professionnel avec un coach (Bilan de comp\u00e9tences)<\/h2>\n<p>Un coach en gestion de carri\u00e8re peut vous aider \u00e0 faire un bilan de comp\u00e9tences pour identifier vos savoir-faire et vos savoir-\u00eatre, ainsi que vos exp\u00e9riences. Il peut \u00e9galement vous aider \u00e0 identifier vos motivations, vos valeurs et vos centres d&rsquo;int\u00e9r\u00eat. Gr\u00e2ce \u00e0 ce travail de clarification, vous pourrez d\u00e9finir un projet professionnel qui soit \u00e0 la fois r\u00e9aliste et motivant. Le coach peut \u00e9galement vous aider \u00e0 mettre en coh\u00e9rence vos aspirations personnelles et les opportunit\u00e9s du march\u00e9.<\/p>\n<p><a href=\"https:\/\/www.1coachcarriere.com\/index.php\/optimisation-de-votre-projet-professionnel-grace-au-bilan-de-competences\/\">En savoir plus<\/a>&#8230;<\/p>\n<h2>2. Orientation et r\u00e9orientation : l&rsquo;accompagnement du coach<\/h2>\n<p>Que vous soyez un \u00e9tudiant en qu\u00eate de la bonne fili\u00e8re d&rsquo;\u00e9tudes, ou un adulte cherchant \u00e0 se reconvertir, un coach en gestion de carri\u00e8re peut vous guider. Il peut vous aider \u00e0 analyser les passerelles m\u00e9tiers et les secteurs porteurs pour vous orienter vers une profession qui vous convient. Il vous accompagne \u00e9galement dans votre reconversion professionnelle, en vous aidant \u00e0 identifier les opportunit\u00e9s qui correspondent \u00e0 vos comp\u00e9tences et \u00e0 vos aspirations.<\/p>\n<p><a href=\"https:\/\/www.1coachcarriere.com\/index.php\/sorienter-et-se-reorienter-choix-detudes-formations-et-reconversion-professionnelle\/\">En savoir plus<\/a>&#8230;<\/p>\n<h2>3. Comment un coach peut aider dans la recherche d&#8217;emploi ?<\/h2>\n<p>Dans le cadre de la recherche d&#8217;emploi, un coach peut vous aider \u00e0 optimiser votre CV et votre lettre de motivation, \u00e0 cr\u00e9er ou \u00e0 am\u00e9liorer votre profil LinkedIn et autres r\u00e9seaux professionnels. Il peut aussi vous pr\u00e9parer aux entretiens en vous aidant \u00e0 construire un pitch de pr\u00e9sentation efficace et en simulant des entretiens. De plus, il peut vous aider \u00e0 \u00e9laborer des strat\u00e9gies de recherche d&#8217;emploi, comme l&rsquo;utilisation efficace de votre r\u00e9seau, la r\u00e9daction de candidatures cibl\u00e9es et de candidatures spontan\u00e9es. Il peut \u00e9galement vous coacher pour la n\u00e9gociation salariale ou des conditions de travail.<\/p>\n<p><a href=\"https:\/\/www.1coachcarriere.com\/index.php\/maximisez-votre-recherche-demploi-optimisation-de-cv-profil-linkedin-et-strategies-efficaces\/\">En savoir plus<\/a>&#8230;<\/p>\n<h2>4. Le r\u00f4le du coach dans le d\u00e9veloppement personnel li\u00e9 \u00e0 la carri\u00e8re<\/h2>\n<p>Un coach en gestion de carri\u00e8re peut vous aider \u00e0 d\u00e9velopper votre confiance en vous et votre affirmation de soi au travail. Il peut vous aider \u00e0 g\u00e9rer votre stress, vos \u00e9motions et vos blocages professionnels. De plus, il peut vous aider \u00e0 d\u00e9velopper votre leadership et vos soft skills, comme la communication, l&rsquo;assertivit\u00e9, et la gestion des conflits. Il peut \u00e9galement vous aider \u00e0 mieux g\u00e9rer votre temps, votre \u00e9nergie et vos priorit\u00e9s.<\/p>\n<p><a href=\"https:\/\/www.1coachcarriere.com\/index.php\/developpement-personnel-et-gestion-de-carriere-boostez-vos-soft-skills-et-votre-confiance\/\">En savoir plus.<\/a>..<\/p>\n<h2>5. \u00c9volution et progression de carri\u00e8re : le soutien du coach<\/h2>\n<p>Si vous aspirez \u00e0 une promotion ou \u00e0 une mobilit\u00e9 interne, un coach peut vous aider \u00e0 identifier les leviers pour y parvenir. Il peut vous aider \u00e0 \u00e9laborer une strat\u00e9gie de carri\u00e8re \u00e0 moyen et \u00e0 long terme. Il peut \u00e9galement vous aider \u00e0 d\u00e9velopper votre personal branding pour vous d\u00e9marquer. Enfin, il peut vous pr\u00e9parer \u00e0 la prise de poste, en particulier pour vos premiers 100 jours.<\/p>\n<p><a href=\"https:\/\/www.1coachcarriere.com\/index.php\/strategies-et-leviers-pour-levolution-de-carriere-promotion-mobilite-interne-et-personal-branding\/\">En savoir plus<\/a>&#8230;<\/p>\n<h2>6. G\u00e9rer les transitions professionnelles sp\u00e9cifiques gr\u00e2ce \u00e0 un coach<\/h2>\n<p>Un coach en gestion de carri\u00e8re peut vous aider \u00e0 g\u00e9rer des transitions professionnelles particuli\u00e8res, comme le retour \u00e0 l&#8217;emploi apr\u00e8s un arr\u00eat pour cong\u00e9 parental, maladie, ou expatriation. Il peut vous pr\u00e9parer \u00e0 une expatriation ou \u00e0 un retour d&rsquo;expatriation. Il peut \u00e9galement vous aider \u00e0 anticiper la fin de votre carri\u00e8re, ou le passage \u00e0 l&rsquo;ind\u00e9pendance, que ce soit en freelance ou en cr\u00e9ant votre propre entreprise.<\/p>\n<p><a href=\"https:\/\/www.1coachcarriere.com\/index.php\/conseils-de-coach-de-carriere-pour-naviguer-les-transitions-professionnelles-specifiques\/\">En savoir plus<\/a>&#8230;<\/p>\n<h2>7. Devenir entrepreneur : le r\u00f4le du coach en gestion de carri\u00e8re<\/h2>\n<p>Si vous envisagez de devenir entrepreneur, un coach peut vous aider \u00e0 clarifier votre projet entrepreneurial. Il peut vous aider \u00e0 r\u00e9aliser une \u00e9tude de faisabilit\u00e9, \u00e0 \u00e9laborer votre business model, et \u00e0 d\u00e9velopper votre posture entrepreneuriale. Il peut \u00e9galement vous accompagner lors du lancement de votre entreprise, en vous aidant \u00e0 d\u00e9velopper votre r\u00e9seau, votre communication et votre organisation.<\/p>\n<p><a href=\"https:\/\/www.1coachcarriere.com\/index.php\/optimisez-votre-projet-entrepreneurial-avec-un-coach-en-gestion-de-carriere\/\">En savoir plus<\/a>&#8230;<\/p>\n<h2>8. Les programmes sp\u00e9cifiques propos\u00e9s par un coach en gestion de carri\u00e8re<\/h2>\n<p>Un coach en gestion de carri\u00e8re peut proposer des programmes sp\u00e9cifiques pour diff\u00e9rents publics. Par exemple, il peut offrir un coaching pour jeunes dipl\u00f4m\u00e9s, pour les aider \u00e0 faire leur entr\u00e9e sur le march\u00e9 du travail. Il peut aussi proposer un coaching pour cadres en qu\u00eate de sens ou en reconversion. Il peut aussi proposer un coaching pour femmes en transition de carri\u00e8re pour les aider \u00e0 concilier vie personnelle et vie professionnelle, ou \u00e0 briser le plafond de verre. Enfin, il peut proposer des coachings intensifs \u00e0 court terme pour pr\u00e9parer un entretien ou un concours, ou des coachings \u00e0 long terme pour un parcours structur\u00e9 sur plusieurs mois.<\/p>\n<p><a href=\"https:\/\/www.1coachcarriere.com\/index.php\/les-programmes-specifiques-proposes-par-un-coach-en-gestion-de-carriere\/\">En savoir plus<\/a>&#8230;<\/p>\n<p>Quel que soit le stade de votre carri\u00e8re, un coach en gestion de carri\u00e8re peut vous aider \u00e0 naviguer \u00e0 travers les d\u00e9fis et les opportunit\u00e9s que vous rencontrez. Gr\u00e2ce \u00e0 son expertise et \u00e0 son accompagnement, vous pouvez atteindre vos objectifs professionnels plus efficacement et plus sereinement. Il est important de choisir un coach qui vous convient, qui comprend vos aspirations, et qui peut vous aider \u00e0 les r\u00e9aliser. Avec un tel soutien, vous serez mieux \u00e9quip\u00e9 pour g\u00e9rer votre carri\u00e8re et r\u00e9aliser votre plein potentiel.<\/p>\n\n\n<p><\/p>\n\n\n\n<p>Vous souhaitez entre en relation avec un coach professionnel certifi\u00e9, exp\u00e9riment\u00e9 et bienveillant? Contactez, <strong>Sabine Moyne<\/strong> via son <a href=\"https:\/\/www.sabinemoyne.com\/index.php\/contact\/\" target=\"_blank\" rel=\"noreferrer noopener\">site web<\/a> ou son <a href=\"https:\/\/www.linkedin.com\/in\/sabine-moyne\/?originalSubdomain=fr\" target=\"_blank\" rel=\"noreferrer noopener\">LinkedIn<\/a>.<\/p>\n\n\n\n<figure class=\"wp-block-image size-full\"><img loading=\"lazy\" decoding=\"async\" width=\"160\" height=\"160\" src=\"http:\/\/www.1coachcarriere.com\/wp-content\/uploads\/2025\/08\/Sabine_Moyne.jpeg\" alt=\"Sabine MOYNE - MARTINEZ Consultante Gestion de carri\u00e8re\" class=\"wp-image-72\" srcset=\"https:\/\/www.1coachcarriere.com\/wp-content\/uploads\/2025\/08\/Sabine_Moyne.jpeg 160w, https:\/\/www.1coachcarriere.com\/wp-content\/uploads\/2025\/08\/Sabine_Moyne-150x150.jpeg 150w\" sizes=\"auto, (max-width: 160px) 100vw, 160px\" \/><figcaption class=\"wp-element-caption\">Sabine MOYNE Consultante Gestion de carri\u00e8re<\/figcaption><\/figure>\n","protected":false},"excerpt":{"rendered":"<p>Explorez les diverses prestations qu&rsquo;un coach en gestion de carri\u00e8re peut offrir aux particuliers.<\/p>\n","protected":false},"author":1,"featured_media":0,"parent":0,"menu_order":0,"comment_status":"closed","ping_status":"closed","template":"","meta":{"footnotes":""},"class_list":["post-33","page","type-page","status-publish","hentry"],"_links":{"self":[{"href":"https:\/\/www.1coachcarriere.com\/index.php\/wp-json\/wp\/v2\/pages\/33","targetHints":{"allow":["GET"]}}],"collection":[{"href":"https:\/\/www.1coachcarriere.com\/index.php\/wp-json\/wp\/v2\/pages"}],"about":[{"href":"https:\/\/www.1coachcarriere.com\/index.php\/wp-json\/wp\/v2\/types\/page"}],"author":[{"embeddable":true,"href":"https:\/\/www.1coachcarriere.com\/index.php\/wp-json\/wp\/v2\/users\/1"}],"replies":[{"embeddable":true,"href":"https:\/\/www.1coachcarriere.com\/index.php\/wp-json\/wp\/v2\/comments?post=33"}],"version-history":[{"count":12,"href":"https:\/\/www.1coachcarriere.com\/index.php\/wp-json\/wp\/v2\/pages\/33\/revisions"}],"predecessor-version":[{"id":135,"href":"https:\/\/www.1coachcarriere.com\/index.php\/wp-json\/wp\/v2\/pages\/33\/revisions\/135"}],"wp:attachment":[{"href":"https:\/\/www.1coachcarriere.com\/index.php\/wp-json\/wp\/v2\/media?parent=33"}],"curies":[{"name":"wp","href":"https:\/\/api.w.org\/{rel}","templated":true}]}}