{"id":188,"date":"2026-05-01T16:18:33","date_gmt":"2026-05-01T14:18:33","guid":{"rendered":"https:\/\/www.1coachcarriere.com\/?page_id=188"},"modified":"2026-05-01T16:46:06","modified_gmt":"2026-05-01T14:46:06","slug":"le-coaching-en-gestion-de-carriere-par-lia-intelligence-artificielle","status":"publish","type":"page","link":"https:\/\/www.1coachcarriere.com\/index.php\/le-coaching-en-gestion-de-carriere-par-lia-intelligence-artificielle\/","title":{"rendered":"Le coaching en gestion de carri\u00e8re par l&rsquo;IA Intelligence Artificielle."},"content":{"rendered":"\n<p>Le coaching en gestion de carri\u00e8re par l\u2019IA (Intelligence Artificielle) ouvre de <strong>nouvelles perspectives pour accompagner les parcours professionnels<\/strong>. Les agents IA de coaching de carri\u00e8re constituent des outils pertinents pour pr\u00e9parer un accompagnement, structurer sa r\u00e9flexion, clarifier ses objectifs et identifier ses priorit\u00e9s avant un travail avec un coach professionnel.<\/p>\n\n\n\n<p>Cependant, l\u2019IA et la coach en gestion de carri\u00e8re doivent apprendre \u00e0 travailler ensemble. <strong>L\u2019humain reste central<\/strong> : le professionnel apporte questionnement, pertinence, bienveillance et empathie, tout en int\u00e9grant la dimension humaine, les \u00e9motions et les non-dits que l\u2019IA ne capte pas pleinement.<\/p>\n\n\n\n<p>Cette <strong>compl\u00e9mentarit\u00e9 s\u2019annonce riche<\/strong> si elle repose sur des <strong>m\u00e9thodologies robustes<\/strong> et \u00e9prouv\u00e9es scientifiquement, une gestion stricte des donn\u00e9es personnelles (<strong>RGPD<\/strong>), et une <strong>vigilance sur les risques psychosociaux<\/strong>, avec une incitation claire \u00e0 consulter un professionnel lorsque n\u00e9cessaire.<\/p>\n\n\n\n<p>D\u2019autres \u00e9l\u00e9ments cl\u00e9s renforcent ce partenariat : transparence des algorithmes, supervision humaine, personnalisation des recommandations et cadre \u00e9thique explicite. L\u2019IA devient alors un levier puissant au service d\u2019un coaching de carri\u00e8re hybride, plus accessible, structur\u00e9 et efficace.<\/p>\n\n\n\n<p>Voici une s\u00e9lection d&rsquo;outils sp\u00e9cialis\u00e9s et con\u00e7us dans ChatGPT, qui peuvent servir de base initiale avant un coaching structur\u00e9 avec un professionnel.<br><\/p>\n\n\n\n<ul class=\"wp-block-list\">\n<li>Agent IA de Coaching : \u00ab\u00a0<a href=\"https:\/\/www.1coachcarriere.com\/index.php\/agent-ia-de-coaching-mon-job-et-lintelligence-artificielle-ia\/\">Mon job et l&rsquo;Intelligence Artificielle (IA)<\/a>\u00ab\u00a0<\/li>\n\n\n\n<li>Pr\u00e9paration au Bilan de Comp\u00e9tences<\/li>\n\n\n\n<li>Elaboration d&rsquo;un projet professionel<br><\/li>\n<\/ul>\n\n\n\n<p><\/p>\n","protected":false},"excerpt":{"rendered":"<p>Le coaching en gestion de carri\u00e8re par l\u2019IA (Intelligence Artificielle) ouvre de nouvelles perspectives pour accompagner les parcours professionnels. Les agents IA de coaching de carri\u00e8re constituent des outils pertinents pour pr\u00e9parer un accompagnement, structurer sa r\u00e9flexion, clarifier ses objectifs et identifier ses priorit\u00e9s avant un travail avec un coach professionnel. Cependant, l\u2019IA et la [&hellip;]<\/p>\n","protected":false},"author":1,"featured_media":0,"parent":0,"menu_order":0,"comment_status":"closed","ping_status":"closed","template":"","meta":{"footnotes":""},"class_list":["post-188","page","type-page","status-publish","hentry"],"_links":{"self":[{"href":"https:\/\/www.1coachcarriere.com\/index.php\/wp-json\/wp\/v2\/pages\/188","targetHints":{"allow":["GET"]}}],"collection":[{"href":"https:\/\/www.1coachcarriere.com\/index.php\/wp-json\/wp\/v2\/pages"}],"about":[{"href":"https:\/\/www.1coachcarriere.com\/index.php\/wp-json\/wp\/v2\/types\/page"}],"author":[{"embeddable":true,"href":"https:\/\/www.1coachcarriere.com\/index.php\/wp-json\/wp\/v2\/users\/1"}],"replies":[{"embeddable":true,"href":"https:\/\/www.1coachcarriere.com\/index.php\/wp-json\/wp\/v2\/comments?post=188"}],"version-history":[{"count":5,"href":"https:\/\/www.1coachcarriere.com\/index.php\/wp-json\/wp\/v2\/pages\/188\/revisions"}],"predecessor-version":[{"id":201,"href":"https:\/\/www.1coachcarriere.com\/index.php\/wp-json\/wp\/v2\/pages\/188\/revisions\/201"}],"wp:attachment":[{"href":"https:\/\/www.1coachcarriere.com\/index.php\/wp-json\/wp\/v2\/media?parent=188"}],"curies":[{"name":"wp","href":"https:\/\/api.w.org\/{rel}","templated":true}]}}